{"id":180,"date":"2022-08-20T19:13:34","date_gmt":"2022-08-20T17:13:34","guid":{"rendered":"https:\/\/hippie-days.fr\/?post_type=product&#038;p=180"},"modified":"2022-08-20T19:18:00","modified_gmt":"2022-08-20T17:18:00","slug":"huile-dolive-vierge-extra-bio-1-l","status":"publish","type":"product","link":"https:\/\/hippie-days.fr\/?product=huile-dolive-vierge-extra-bio-1-l","title":{"rendered":"Huile d&rsquo;olive vierge extra Bio  &#8212; 1 l"},"content":{"rendered":"<div class=\"u-rich-text\">\n<p class=\"u-margin-bottom-10px\">Huile d&rsquo;olive vierge extra bio. A accommoder avec salades, viandes grill\u00e9es, l\u00e9gumes crus ou grill\u00e9s.<\/p>\n<p class=\"u-margin-bottom-10px\">Cat\u00e9gorie : Vierge extra<br \/>\nVari\u00e9t\u00e9s d\u2019olives : Taggiasca<\/p>\n<p class=\"u-margin-bottom-10px\"><span style=\"font-size: 16px;\">R\u00e9colte : entre novembre et d\u00e9cembre\u00a0<\/span><\/p>\n<p class=\"u-margin-bottom-10px\"><span style=\"font-size: 16px;\">Premier jour de disponibilit\u00e9 : <\/span><strong style=\"font-size: 16px;\">Le 2 janvier 2023<\/strong><\/p>\n<\/div>\n","protected":false},"excerpt":{"rendered":"<p>Huile d&rsquo;olive vierge extra bio. A accommoder avec salades, viandes grill\u00e9es, l\u00e9gumes crus ou grill\u00e9s. Cat\u00e9gorie : Vierge extra Vari\u00e9t\u00e9s d\u2019olives : Taggiasca R\u00e9colte : entre novembre et d\u00e9cembre\u00a0 Premier jour de disponibilit\u00e9 : Le 2 janvier 2023<\/p>\n","protected":false},"featured_media":181,"template":"","meta":{"spay_email":""},"_links":{"self":[{"href":"https:\/\/hippie-days.fr\/index.php?rest_route=\/wp\/v2\/product\/180"}],"collection":[{"href":"https:\/\/hippie-days.fr\/index.php?rest_route=\/wp\/v2\/product"}],"about":[{"href":"https:\/\/hippie-days.fr\/index.php?rest_route=\/wp\/v2\/types\/product"}],"wp:featuredmedia":[{"embeddable":true,"href":"https:\/\/hippie-days.fr\/index.php?rest_route=\/wp\/v2\/media\/181"}],"wp:attachment":[{"href":"https:\/\/hippie-days.fr\/index.php?rest_route=%2Fwp%2Fv2%2Fmedia&parent=180"}],"curies":[{"name":"wp","href":"https:\/\/api.w.org\/{rel}","templated":true}]}}